{"id":86,"date":"2019-11-28T18:17:28","date_gmt":"2019-11-28T23:17:28","guid":{"rendered":"http:\/\/multivia.site\/electroall\/?page_id=86"},"modified":"2020-05-10T23:24:11","modified_gmt":"2020-05-11T04:24:11","slug":"proyectos","status":"publish","type":"page","link":"https:\/\/www.electroallweb.com\/index.php\/proyectos\/","title":{"rendered":"Proyectos"},"content":{"rendered":"<section class=\"l-section wpb_row height_medium\"><div class=\"l-section-h i-cf\"><div class=\"g-cols vc_row type_default valign_top\"><div class=\"vc_col-sm-4 wpb_column vc_column_container\"><div class=\"vc_column-inner\"><div class=\"wpb_wrapper\">[icon_counter border_size=&#8221;2&#8243; border_color=&#8221;#a4a4a4&#8243; icon_type=&#8221;custom&#8221; icon_img=&#8221;id^216|url^https:\/\/www.electroallweb.com\/wp-content\/uploads\/2019\/12\/sensor-ultrasonido-con-marco-negro120x120-v1.png|caption^null|alt^null|title^sensor ultrasonido con marco negro120x120 v1|description^null&#8221; img_width=&#8221;300&#8243; block_title_front=&#8221;ELECTRONICA&#8221; block_desc_front=&#8221;PROYECTOS PR\u00c1CTICOS&#8221; block_title_back=&#8221;ELECTRONICA&#8221; block_desc_back=&#8221;MICROCONTROLADORES: ATmega, PIC, CIRCUITOS INTEGRADOS &#8221; custom_link=&#8221;1&#8243; button_link=&#8221;url:https%3A%2F%2Fwww.electroallweb.com%2Findex.php%2Felectronica%2F||target:%20_blank|&#8221; button_text=&#8221;VER M\u00c1S&#8221; button_txt=&#8221;#ffffff&#8221; cont_align=&#8221;on&#8221;]<\/div><\/div><\/div><div class=\"vc_col-sm-4 wpb_column vc_column_container\"><div class=\"vc_column-inner\"><div class=\"wpb_wrapper\">[icon_counter border_size=&#8221;2&#8243; border_color=&#8221;#a4a4a4&#8243; icon_type=&#8221;custom&#8221; icon_img=&#8221;id^222|url^https:\/\/www.electroallweb.com\/wp-content\/uploads\/2019\/11\/electricidad.png|caption^null|alt^null|title^electricidad|description^null&#8221; img_width=&#8221;300&#8243; block_title_front=&#8221;ELECTRICIDAD&#8221; block_desc_front=&#8221;PROYECTOS PR\u00c1CTICOS&#8221; block_title_back=&#8221;ELECTRICIDAD&#8221; block_desc_back=&#8221;CONTACTORES, REL\u00c9S TERMICOS, MOTORES TRIFACIOS&#8221; custom_link=&#8221;1&#8243; button_link=&#8221;url:https%3A%2F%2Fwww.electroallweb.com%2Findex.php%2Felectricidad%2F||target:%20_blank|&#8221; button_text=&#8221;Ver m\u00e1s&#8221; button_txt=&#8221;#ffffff&#8221; cont_align=&#8221;on&#8221;]<\/div><\/div><\/div><div class=\"vc_col-sm-4 wpb_column vc_column_container\"><div class=\"vc_column-inner\"><div class=\"wpb_wrapper\">[icon_counter border_size=&#8221;2&#8243; border_color=&#8221;#a4a4a4&#8243; icon_type=&#8221;custom&#8221; icon_img=&#8221;id^1074|url^https:\/\/www.electroallweb.com\/wp-content\/uploads\/2020\/03\/autmatizacion-tutorial.png|caption^null|alt^null|title^autmatizacion tutorial|description^null&#8221; img_width=&#8221;300&#8243; block_title_front=&#8221;AUTOMATIZACI\u00d3N&#8221; block_desc_front=&#8221;PROYECTOS PR\u00c1CTICOS&#8221; block_title_back=&#8221;AUTOMATIZACI\u00d3N&#8221; block_desc_back=&#8221;PLC&#8217;S, DRIVERS, VARIADORES DE VELOCIDAD. SCADA&#8221; cont_align=&#8221;on&#8221; ult_param_heading=&#8221;&#8221;]<\/div><\/div><\/div><\/div><\/div><\/section>\n","protected":false},"excerpt":{"rendered":"[icon_counter border_size=\"2\" border_color=\"#a4a4a4\" icon_type=\"custom\" icon_img=\"id^216|url^https:\/\/www.electroallweb.com\/wp-content\/uploads\/2019\/12\/sensor-ultrasonido-con-marco-negro120x120-v1.png|caption^null|alt^null|title^sensor ultrasonido con marco negro120x120 v1|description^null\" img_width=\"300\" block_title_front=\"ELECTRONICA\" block_desc_front=\"PROYECTOS PR\u00c1CTICOS\" block_title_back=\"ELECTRONICA\" block_desc_back=\"MICROCONTROLADORES: ATmega, PIC, CIRCUITOS INTEGRADOS \" custom_link=\"1\" button_link=\"url:https%3A%2F%2Fwww.electroallweb.com%2Findex.php%2Felectronica%2F||target:%20_blank|\" button_text=\"VER M\u00c1S\" button_txt=\"#ffffff\" cont_align=\"on\"][icon_counter border_size=\"2\" border_color=\"#a4a4a4\" icon_type=\"custom\" icon_img=\"id^222|url^https:\/\/www.electroallweb.com\/wp-content\/uploads\/2019\/11\/electricidad.png|caption^null|alt^null|title^electricidad|description^null\" img_width=\"300\" block_title_front=\"ELECTRICIDAD\" block_desc_front=\"PROYECTOS PR\u00c1CTICOS\" block_title_back=\"ELECTRICIDAD\" block_desc_back=\"CONTACTORES, REL\u00c9S TERMICOS, MOTORES TRIFACIOS\" custom_link=\"1\" button_link=\"url:https%3A%2F%2Fwww.electroallweb.com%2Findex.php%2Felectricidad%2F||target:%20_blank|\" button_text=\"Ver m\u00e1s\" button_txt=\"#ffffff\" cont_align=\"on\"][icon_counter border_size=\"2\" border_color=\"#a4a4a4\" icon_type=\"custom\" icon_img=\"id^1074|url^https:\/\/www.electroallweb.com\/wp-content\/uploads\/2020\/03\/autmatizacion-tutorial.png|caption^null|alt^null|title^autmatizacion tutorial|description^null\" img_width=\"300\" block_title_front=\"AUTOMATIZACI\u00d3N\" block_desc_front=\"PROYECTOS...","protected":false},"author":1,"featured_media":0,"parent":0,"menu_order":0,"comment_status":"closed","ping_status":"closed","template":"","meta":{"_monsterinsights_skip_tracking":false,"_monsterinsights_sitenote_active":false,"_monsterinsights_sitenote_note":"","_monsterinsights_sitenote_category":0,"footnotes":""},"amp_enabled":true,"_links":{"self":[{"href":"https:\/\/www.electroallweb.com\/index.php\/wp-json\/wp\/v2\/pages\/86"}],"collection":[{"href":"https:\/\/www.electroallweb.com\/index.php\/wp-json\/wp\/v2\/pages"}],"about":[{"href":"https:\/\/www.electroallweb.com\/index.php\/wp-json\/wp\/v2\/types\/page"}],"author":[{"embeddable":true,"href":"https:\/\/www.electroallweb.com\/index.php\/wp-json\/wp\/v2\/users\/1"}],"replies":[{"embeddable":true,"href":"https:\/\/www.electroallweb.com\/index.php\/wp-json\/wp\/v2\/comments?post=86"}],"version-history":[{"count":8,"href":"https:\/\/www.electroallweb.com\/index.php\/wp-json\/wp\/v2\/pages\/86\/revisions"}],"predecessor-version":[{"id":1089,"href":"https:\/\/www.electroallweb.com\/index.php\/wp-json\/wp\/v2\/pages\/86\/revisions\/1089"}],"wp:attachment":[{"href":"https:\/\/www.electroallweb.com\/index.php\/wp-json\/wp\/v2\/media?parent=86"}],"curies":[{"name":"wp","href":"https:\/\/api.w.org\/{rel}","templated":true}]}}